{"id":810,"date":"2015-02-02T19:40:48","date_gmt":"2015-02-02T19:40:48","guid":{"rendered":"http:\/\/theme-fusion.com\/avada_demos_xml\/cafe\/?page_id=15"},"modified":"2017-01-24T15:33:14","modified_gmt":"2017-01-24T12:33:14","slug":"contact","status":"publish","type":"page","link":"https:\/\/www.creativexpo.ro\/index.php\/contact\/","title":{"rendered":"Contact info"},"content":{"rendered":"<div id='av_gmap_1' class='avia-google-map-container' data-mapid='1' style='height: 350px;'><\/div>\n<\/div><\/div><\/div><!-- close content main div --><\/div><\/div><div id='av-layout-grid-1' class='av-layout-grid-container entry-content-wrapper main_color av-flex-cells  container_wrap fullsize'   >\n<div class=\"flex_cell no_margin av_one_half   \" style='vertical-align:top; padding:30px; '><div class='flex_cell_inner' ><p><div style='padding-bottom:10px;' class='av-special-heading av-special-heading-h3    '><h3 class='av-special-heading-tag'  itemprop=\"headline\"  >Formular de contact<\/h3><div class='special-heading-border'><div class='special-heading-inner-border' ><\/div><\/div><\/div><br \/>\n<form action=\"https:\/\/www.creativexpo.ro\/index.php\/contact\/\" method=\"post\"  class=\"avia_ajax_form av-form-labels-visible   \" data-avia-form-id=\"1\" data-avia-redirect=''><fieldset><p class=' first_form  form_element form_element_half' id='element_avia_1_1'><label for=\"avia_1_1\">Nume <abbr class=\"required\" title=\"required\">*<\/abbr><\/label> <input name=\"avia_1_1\" class=\"text_input is_empty\" type=\"text\" id=\"avia_1_1\" value=\"\" \/><\/p><p class=' form_element form_element_half' id='element_avia_2_1'><label for=\"avia_2_1\">E-Mail <abbr class=\"required\" title=\"required\">*<\/abbr><\/label> <input name=\"avia_2_1\" class=\"text_input is_email\" type=\"text\" id=\"avia_2_1\" value=\"\" \/><\/p><p class=' first_form  form_element form_fullwidth' id='element_avia_3_1'><label for=\"avia_3_1\">Subiect <abbr class=\"required\" title=\"required\">*<\/abbr><\/label> <input name=\"avia_3_1\" class=\"text_input is_empty\" type=\"text\" id=\"avia_3_1\" value=\"\" \/><\/p><p class=' first_form  form_element form_fullwidth av-last-visible-form-element' id='element_avia_4_1'>\t <label for=\"avia_4_1\" class=\"textare_label hidden textare_label_avia_4_1\">Mesaj <abbr class=\"required\" title=\"required\">*<\/abbr><\/label>\t <textarea  name=\"avia_4_1\" class=\"text_area is_empty\" cols=\"40\" rows=\"7\" id=\"avia_4_1\" ><\/textarea><\/p><p class=\"hidden\"><input type=\"text\" name=\"avia_5_1\" class=\"hidden \" id=\"avia_5_1\" value=\"\" \/><\/p><p class=\"form_element \"><input type=\"hidden\" value=\"1\" name=\"avia_generated_form1\" \/><input type=\"submit\" value=\"Trimite\" class=\"button\"  data-sending-label=\"Sending\"\/><\/p><\/fieldset><\/form><div id=\"ajaxresponse_1\" class=\"ajaxresponse ajaxresponse_1 hidden\"><\/div><\/p>\n<\/div><\/div><div class=\"flex_cell no_margin av_one_half   \" style='vertical-align:top; padding:30px; '><div class='flex_cell_inner' ><p><div style='padding-bottom:10px;' class='av-special-heading av-special-heading-h3    '><h3 class='av-special-heading-tag'  itemprop=\"headline\"  >Adresa<\/h3><div class='special-heading-border'><div class='special-heading-inner-border' ><\/div><\/div><\/div><br \/>\n<section class=\"av_textblock_section\"  itemscope=\"itemscope\" itemtype=\"https:\/\/schema.org\/CreativeWork\" ><div class='avia_textblock '  style='font-size:16px; '  itemprop=\"text\" ><p>Soseaua Pantelimon (Dudesti)<br \/>\n<span style=\"line-height: 1.5;\">Nr. 23, Sector 3<br \/>\n<\/span><span style=\"line-height: 1.5;\">Bucuresti, Romania<\/span><\/p>\n<h3><strong>Persoana de contact:<\/strong><\/h3>\n<p><strong>Anghel Turlea<\/strong><br \/>\nTel.: 0724 294 705<br \/>\nFax: 031 427 7316<br \/>\nE-mail: office@creativexpo.ro<\/p>\n<h3><\/h3>\n<\/div><\/section><br \/>\n<div style='padding-bottom:10px;' class='av-special-heading av-special-heading-h3    '><h3 class='av-special-heading-tag'  itemprop=\"headline\"  >Info<\/h3><div class='special-heading-border'><div class='special-heading-inner-border' ><\/div><\/div><\/div><br \/>\n<section class=\"av_textblock_section\"  itemscope=\"itemscope\" itemtype=\"https:\/\/schema.org\/CreativeWork\" ><div class='avia_textblock '   itemprop=\"text\" ><p>\u201d<em>Suntem o echip\u0103 cu experienta veche in domeniu, t\u00e2n\u0103r\u0103 \u0219i dinamic\u0103, ce vine \u00een sprijinul organizatorilor de expozi\u021bii \u0219i a expozan\u021bilor, ajut\u00e2ndu-i s\u0103 ating\u0103 succesul prin promovarea companiilor \u00eencadrul evenimentelor de profil.<br \/>\n<\/em><em>Companie \u00eenfiin\u021bat\u0103 \u00een 2008, are ca \u0219i obiectiv oferirea de serivicii de o calitate excelent\u0103, respect\u00e2nd termenele limit\u0103 \u0219i specifica\u021biile clien\u021bilor.<br \/>\n<\/em><em>Suntem mereu \u00een c\u0103utare de idei \u0219i solu\u021bii pentru a veni \u00een sprijinul nevoilor clien\u021biilor.<\/em>\u201d<\/p>\n<\/div><\/section><\/p>\n<\/div><\/div><\/div><\/div><\/div><\/div><!-- close content main div --><\/div><\/div><div id='av_section_1' class='avia-section main_color avia-section-default avia-no-shadow avia-bg-style-scroll  container_wrap fullsize' style = 'background-color: #002b66; background-color: #002b66; '  ><div class='container' ><div class='template-page content  av-content-full alpha units'><div class='post-entry post-entry-type-page post-entry-810'><div class='entry-content-wrapper clearfix'>\n<div class=\"flex_column av_one_fourth  flex_column_div av-zero-column-padding first  \" style='border-radius:0px; '><\/div><div class=\"flex_column av_one_fourth  flex_column_div av-zero-column-padding   \" style='border-radius:0px; '><section class=\"av_textblock_section\"  itemscope=\"itemscope\" itemtype=\"https:\/\/schema.org\/CreativeWork\" ><div class='avia_textblock '   itemprop=\"text\" ><p><img decoding=\"async\" loading=\"lazy\" class=\"size-full wp-image-1091 aligncenter\" src=\"http:\/\/www.creativexpo.ro\/wp-content\/uploads\/2015\/02\/img_01a.png\" alt=\"\" width=\"329\" height=\"52\" srcset=\"https:\/\/www.creativexpo.ro\/wp-content\/uploads\/2015\/02\/img_01a.png 329w, https:\/\/www.creativexpo.ro\/wp-content\/uploads\/2015\/02\/img_01a-300x47.png 300w\" sizes=\"(max-width: 329px) 100vw, 329px\" \/><\/p>\n<\/div><\/section><\/div><div class=\"flex_column av_two_fifth  flex_column_div av-zero-column-padding   \" style='border-radius:0px; '><p><div style='height:20px' class='hr hr-invisible '><span class='hr-inner ' ><span class='hr-inner-style'><\/span><\/span><\/div><br \/>\n<div class='avia-button-wrap avia-button-left '><a href='http:\/\/www.creativexpo.ro\/index.php\/cerere-de-oferta\/' class='avia-button  avia-icon_select-no avia-color-theme-color avia-size-large avia-position-left '   ><span class='avia_iconbox_title' >APASA AICI<\/span><\/a><\/div><\/p><\/div>\n<\/p>\n","protected":false},"excerpt":{"rendered":"","protected":false},"author":1,"featured_media":0,"parent":0,"menu_order":0,"comment_status":"closed","ping_status":"open","template":"","meta":[],"_links":{"self":[{"href":"https:\/\/www.creativexpo.ro\/index.php\/wp-json\/wp\/v2\/pages\/810"}],"collection":[{"href":"https:\/\/www.creativexpo.ro\/index.php\/wp-json\/wp\/v2\/pages"}],"about":[{"href":"https:\/\/www.creativexpo.ro\/index.php\/wp-json\/wp\/v2\/types\/page"}],"author":[{"embeddable":true,"href":"https:\/\/www.creativexpo.ro\/index.php\/wp-json\/wp\/v2\/users\/1"}],"replies":[{"embeddable":true,"href":"https:\/\/www.creativexpo.ro\/index.php\/wp-json\/wp\/v2\/comments?post=810"}],"version-history":[{"count":47,"href":"https:\/\/www.creativexpo.ro\/index.php\/wp-json\/wp\/v2\/pages\/810\/revisions"}],"predecessor-version":[{"id":1313,"href":"https:\/\/www.creativexpo.ro\/index.php\/wp-json\/wp\/v2\/pages\/810\/revisions\/1313"}],"wp:attachment":[{"href":"https:\/\/www.creativexpo.ro\/index.php\/wp-json\/wp\/v2\/media?parent=810"}],"curies":[{"name":"wp","href":"https:\/\/api.w.org\/{rel}","templated":true}]}}